{"id":51,"date":"2013-07-02T23:05:40","date_gmt":"2013-07-02T21:05:40","guid":{"rendered":"http:\/\/ttcspringe.de\/?page_id=51"},"modified":"2015-08-06T09:56:20","modified_gmt":"2015-08-06T07:56:20","slug":"1988-1997","status":"publish","type":"page","link":"https:\/\/ttcspringe.de\/?page_id=51","title":{"rendered":"1988 &#8211; 1997"},"content":{"rendered":"<p style=\"text-align: justify;\"><span style=\"font-family: Verdana,Tahoma,Arial,Helvetica,Sans-serif;\">Spieljahr 1988-93<\/span><\/p>\n<p align=\"justify\"><span style=\"font-family: Verdana,Tahoma,Arial,Helvetica,Sans-serif;\">Waren in den Jahren zuvor zum Saisonbeginn ein h\u00f6chstens zwei Abg\u00e4nge zu verzeichnen, dann muss der Punktspielstart 1988 als Katastrophe angesehen werden. Nicht weniger als sechs Spieler verlie\u00dfen den Verein bzw. pausierten. Allein die 1. Herren hatte vier Spieler zu ersetzen und wieder mussten die Spieler der 2. Herren, die vorher freiwillig ins 2. Glied ger\u00fcckt waren in die Bresche springen. Mit der Aufstellung Reinhard Splettst\u00f6\u00dfer, Gerhard Preick, Wolfgang Pirius, Hans-J\u00fcrgen Block, Manfred Sommer und Alois Bauerbach konnte man in der Bezirksliga nat\u00fcrlich nichts bestellen. Ohne Punktgewinn wurde man Tabellenletzter. Nicht besser machte es die 2. Herren, die lediglich den 8. Platz belegte. Die 3. Herren hingegen wurde Tabellenzweiter und stieg in die 1. Kreisklasse auf.<\/span><\/p>\n<p align=\"justify\"><span style=\"font-family: Verdana,Tahoma,Arial,Helvetica,Sans-serif;\">Auch 1988 war der TTC Springe wieder Ausrichter einer Meisterschaft, diesmal waren es die Kreismeisterschaften der Junioren und Senioren.<\/span><\/p>\n<p align=\"justify\"><span style=\"font-family: Verdana,Tahoma,Arial,Helvetica,Sans-serif;\">Gab es 1988 ein Neubeginn aus sportlicher Sicht musste bei der Jahreshauptversammlung 1989 ein neuer Vorstand gebildet werden. Der neue Vorstand setzte sich wie folgt zusammen:<\/span><\/p>\n<table id=\"Tabelle3\" border=\"3\" cellspacing=\"1\" cellpadding=\"1\">\n<tbody>\n<tr>\n<th align=\"left\" valign=\"top\" width=\"206\">1. Vorsitzender<\/th>\n<td align=\"left\" valign=\"top\" width=\"173\">\n<p align=\"justify\">Hans-J\u00fcrgen Block<\/p>\n<\/td>\n<\/tr>\n<tr>\n<td align=\"left\" valign=\"top\">2. Vorsitzender<\/td>\n<td align=\"left\" valign=\"top\">\n<p align=\"justify\">Walter Spohr<\/p>\n<\/td>\n<\/tr>\n<tr>\n<td align=\"left\" valign=\"top\">Kassierer<\/td>\n<td align=\"left\" valign=\"top\">Klaus Smollich<\/td>\n<\/tr>\n<tr>\n<td align=\"left\" valign=\"top\">Sportwart TTC<\/td>\n<td align=\"left\" valign=\"top\">Michael Kaulfu\u00df<\/td>\n<\/tr>\n<tr>\n<td align=\"left\" valign=\"top\">Sportwart Badminton<\/td>\n<td align=\"left\" valign=\"top\">Andrea Baumgarten<\/td>\n<\/tr>\n<tr>\n<td align=\"left\" valign=\"top\">Jugendwart TTC<\/td>\n<td align=\"left\" valign=\"top\">Norbert Wodsack<\/td>\n<\/tr>\n<tr>\n<td align=\"left\" valign=\"top\">Jugendwart Badminton<\/td>\n<td align=\"left\" valign=\"top\">Felix Stein<\/td>\n<\/tr>\n<tr>\n<td align=\"left\" valign=\"top\">Schriftwart<\/td>\n<td align=\"left\" valign=\"top\">Gerhard Preick<\/td>\n<\/tr>\n<\/tbody>\n<\/table>\n<p style=\"text-align: justify;\"><span style=\"font-family: Verdana,Tahoma,Arial,Helvetica,Sans-serif;\">Der alte Vorsitzende Gerhard Jay wurde zum Ehrenvorsitzenden gew\u00e4hlt.<\/span><\/p>\n<p align=\"justify\"><span style=\"font-family: Verdana,Tahoma,Arial,Helvetica,Sans-serif;\">Neu formiert trat auch die 1. Herren mit Martin Fuers, Hans-J\u00fcrgen Block, Gerhard Preick, Reinhard Splettst\u00f6\u00dfer Alexander Fuers und Axel Bode zum Punktspielstart 1989 an. Man wollte versuchen die 1. Bezirksklasse zu halten, doch leider gelang dies Unterfangen nicht und erneut mu\u00dfte die Mannschaft absteigen. Die 2. und 3. Mannschaft konnte sich in ihre Klasse behaupten.<\/span><\/p>\n<p align=\"justify\"><span style=\"font-family: Verdana,Tahoma,Arial,Helvetica,Sans-serif;\">Nach 2 Jahren Pause fand im Herbst 1989 wieder das Deister-Pokal-Turnier in Springe statt.<\/span><\/p>\n<p align=\"justify\"><span style=\"font-family: Verdana,Tahoma,Arial,Helvetica,Sans-serif;\">Zur Saison 1990\/91 verlie\u00dfen mit Axel Bode und Martin Fuers wieder zwei Spieler der 1. Mannschaft den Verein. Da auch Reinhard Splettst\u00f6\u00dfer aus beruflichen Gr\u00fcnden pausierte, mussten wieder Spieler aus der 2. Mannschaft nachr\u00fccken. Zur R\u00fcckserie konnte noch Heinz-J\u00fcrgen Reiter reaktiviert werden und mit ihm schaffte man auch den Klassenerhalt. Die 2. Herren belegte einen guten 3. Platz in der Kreisliga, w\u00e4hrend die 3. Herren sogar Meister in der 1. Kreisklasse wurde.<\/span><\/p>\n<p align=\"justify\"><span style=\"font-family: Verdana,Tahoma,Arial,Helvetica,Sans-serif;\">Intensivierung der Jugendarbeit war einer der Vors\u00e4tze des neuen Vorstandes und langsam stellten sich die ersten Erfolge ein. <\/span><\/p>\n<p align=\"justify\"><span style=\"font-family: Verdana,Tahoma,Arial,Helvetica,Sans-serif;\">Die Saison 1991\/92 brachte f\u00fcr die 1. Herren nicht viel Neues. Man war froh die Klasse gehalten zu haben. Erfreulicher die 2. Herren, sie wurde ungeschlagen Meister in der Kreisliga. Auf den Aufstieg in die 2. Bezirksklasse verzichtete man jedoch, da mit Alexander Fuers wieder ein Spieler der 1. Herren den Verein verlie\u00df und ein Spieler der 2. Herren aufr\u00fccken musste.<\/span><\/p>\n<p align=\"justify\"><span style=\"font-family: Verdana,Tahoma,Arial,Helvetica,Sans-serif;\">F\u00fcr die in die Kreisliga aufgestiegene 3. Herren war die Klasse eine Nummer zu gro\u00df, so dass der Abstieg nicht \u00fcberraschend kam. <\/span><\/p>\n<p align=\"justify\"><span style=\"font-family: Verdana,Tahoma,Arial,Helvetica,Sans-serif;\">Die Damen belegten ein 5. Platz in ihrer Staffel.<\/span><\/p>\n<p align=\"justify\"><span style=\"font-family: Verdana,Tahoma,Arial,Helvetica,Sans-serif;\">Dank des neuen Jugendtrainers Martin Fuers dr\u00e4ngelten sich bis zu 30 Jugendliche an den Trainingstagen um die Tische. Der Name Friedrich Blume erscheint zum ersten Mal in den Spielerlisten. Friedrich sollten in den n\u00e4chsten Jahren der bestimmenden Spieler im Jugendbereich werden. <\/span><\/p>\n<p align=\"justify\"><span style=\"font-family: Verdana,Tahoma,Arial,Helvetica,Sans-serif;\">Die dunklen Wolken, die sich mit dem Abgang von Alexander Fuers angek\u00fcndigt hatten, sind nun endg\u00fcltig \u00fcber den Verein gezogen. Da auch Alois Bauerbach f\u00fcr einige Zeit ausfiel, war der Abstieg in der Saison 1992\/93 in die Kreisliga nicht mehr zu verhindern. Das erste Mal in der Vereinsgeschichte nahm die 1. Herrenmannschaft nur noch auf Kreisebene an den Punktspielen teil.<\/span><\/p>\n<p align=\"justify\"><span style=\"font-family: Verdana,Tahoma,Arial,Helvetica,Sans-serif;\">Die 2. Herren und die 3. Herren konnten ihre Klasse halten. Bei den Damen wurde wieder einmal eine Meisterschaft gefeiert.<\/span><\/p>\n<p align=\"justify\"><span style=\"font-family: Verdana,Tahoma,Arial,Helvetica,Sans-serif;\">Noch besser machten es die Jugendlichen, gleich zwei Sch\u00fclermannschaften konnten sich \u00fcber Staffelsiege freuen. Mit Kristina Wodsack w\u00e4chst neues Talent heran.<\/span><\/p>\n<p align=\"justify\"><span style=\"font-family: Verdana,Tahoma,Arial,Helvetica,Sans-serif;\">Bei den Vorstandswahlen wurde Wolfgang Pirius zum neuen Sportwart gew\u00e4hlt.<\/span><\/p>\n<p align=\"justify\"><span style=\"font-family: Verdana,Tahoma,Arial,Helvetica,Sans-serif;\">Spielzeit 1994 \u2013 97<\/span><\/p>\n<p align=\"justify\"><span style=\"font-family: Verdana,Tahoma,Arial,Helvetica,Sans-serif;\">Der sofortige Wiederaufstieg war das erkl\u00e4rte Ziel der 1. Herrenmannschaft. Mit den Spielern Heinz-J\u00fcrgen Reiter, Alois Bauerbach, Gerhard Jay, Gerhard Preick, Hans-J\u00fcrgen Block und Ulrich Rudolph wurde dieses Ziel auch erreicht. Mittlere Pl\u00e4tze belegten die 2. und die 3. Herren. Die Damen konnten ein weiteres Mal aufsteigen und spielten in der Saison 1994\/95 in der Bezirksklasse.<\/span><\/p>\n<p align=\"justify\"><span style=\"font-family: Verdana,Tahoma,Arial,Helvetica,Sans-serif;\">Der Jugendbereich wurde immer mehr zum Aush\u00e4ngeschild des Vereins. Kristina Wodsack so wie Friedrich Blume qualifizierten sich f\u00fcr die Bezirksmeisterschaften, da Kristina Kreismeisterin bei den C-Sch\u00fclerinnen wurde und Friedrich einen 3. Platz bei den B-Sch\u00fclern erreichte.<\/span><\/p>\n<p align=\"justify\"><span style=\"font-family: Verdana,Tahoma,Arial,Helvetica,Sans-serif;\">Viel Gl\u00fcck hatte die 1. Mannschaft in der Spielzeit 1994\/95. Sie belegte zwar den vorletzten Tabellenplatz in der 2. Bezirksklasse stieg aber nicht ab, weil in den h\u00f6heren Klassen einige Mannschaften auf den Aufstieg verzichteten. Die 2. Mannschaft belegte den 2. Platz in der Kreisliga, absteigen musste dagegen die 3. Herren. Der vorletzte Platz der Damen in ihrer Staffel bedeutete ebenfalls den Abstieg.<\/span><\/p>\n<p align=\"justify\"><span style=\"font-family: Verdana,Tahoma,Arial,Helvetica,Sans-serif;\">Wieder war es der Jugend vorbehalten f\u00fcr den Glanzpunkt in dieser Saison zu sorgen. Die Spieler Friedrich Blume, Bernd Lepenies, Andy Munzel und Roland Neumann wurden Sieger im Kreispokal und sorgten f\u00fcr den gr\u00f6\u00dften Erfolg einer Springer Mannschaft seit Jahren.<\/span><\/p>\n<p align=\"justify\"><a href=\"https:\/\/ttcspringe.de\/wp-content\/uploads\/2013\/07\/JUGEND951.gif\"><img loading=\"lazy\" decoding=\"async\" class=\"alignnone size-full wp-image-55\" alt=\"JUGEND95\" src=\"https:\/\/ttcspringe.de\/wp-content\/uploads\/2013\/07\/JUGEND951.gif\" width=\"283\" height=\"176\" \/><\/a><\/p>\n<p align=\"justify\"><span style=\"font-family: Verdana,Tahoma,Arial,Helvetica,Sans-serif;\">Von links: Bernd Lepenies, Andy Munzel, Roland Neumann, Friedrich Blume<\/span><\/p>\n<p align=\"justify\"><span style=\"font-family: Verdana,Tahoma,Arial,Helvetica,Sans-serif;\">Nur 2 Mannschaften nahmen in der Spielzeit 95\/96 f\u00fcr den Verein am Spielbetrieb teil. Viele Spieler pausierten, so dass eine dritte Mannschaft nicht mehr gemeldet werden konnte. Die 1. Mannschaft setzte mit Friedrich Blume und Bernd Lepenies erstmals zwei Jugendspieler als Jugendersatzspieler -jeder Spieler konnte bis zu 3 Spiele pro Halbserie absolvieren- ein. Leider reichte es zum Saisonende wieder nur zum vorletzten Platz, aber wieder hatte die Mannschaft das Gl\u00fcck, dass nur der Tabellenletzte absteigen musste. Die 2. Herren spielte lange um die Meisterschaft mit belegte am Ende einen sehr guten 2. Platz. <\/span><\/p>\n<p align=\"justify\"><span style=\"font-family: Verdana,Tahoma,Arial,Helvetica,Sans-serif;\">Die Damen mussten leider zur R\u00fcckserie die Mannschaft zur\u00fcckziehen, weil Gerlinde Ferrari Mutterfreuden entgegen sah und somit nicht mehr zur Verf\u00fcgung stand.<\/span><\/p>\n<p align=\"justify\"><span style=\"font-family: Verdana,Tahoma,Arial,Helvetica,Sans-serif;\">Im Jubil\u00e4umsjahr 1997 begann die Saison sehr erfreulich. Mit Martin Fuers kam nach langer Zeit wieder ein Spieler zum Verein zur\u00fcck und da auch Friedrich Blume fest f\u00fcr die 1. Herren gemeldet wurde, hatte die Mannschaft von Anfang an nichts mit dem Abstieg zu tun. <\/span><\/p>\n<p align=\"justify\"><span style=\"font-family: Verdana, Tahoma, Arial, Helvetica, Sans-serif, sans-serif;\">\u00a0<a href=\"https:\/\/ttcspringe.de\/wp-content\/uploads\/2013\/07\/HERREN971.gif\"><img loading=\"lazy\" decoding=\"async\" class=\"alignnone size-medium wp-image-62\" alt=\"HERREN97\" src=\"https:\/\/ttcspringe.de\/wp-content\/uploads\/2013\/07\/HERREN971-300x194.gif\" width=\"300\" height=\"194\" \/><\/a><\/span><\/p>\n<p align=\"justify\"><span style=\"font-family: Verdana,Tahoma,Arial,Helvetica,Sans-serif;\">von links: Hans-J\u00fcrgen Block, Martin Fuers, Gerhard Preick, Klaus Smollich, Friedrich Blume und Otto Wolf (au\u00dferdem Bernd Heutling)<\/span><\/p>\n<p align=\"justify\"><span style=\"font-family: Verdana,Tahoma,Arial,Helvetica,Sans-serif;\">Ein guter 6. Platz war am Ende der Saison der Lohn f\u00fcr eine gute Mannschaftsleistung.<\/span><\/p>\n<p align=\"justify\"><span style=\"font-family: Verdana, Tahoma, Arial, Helvetica, Sans-serif, sans-serif;\">\u00a0<\/span><\/p>\n<p align=\"justify\"><span style=\"font-family: Verdana, Tahoma, Arial, Helvetica, Sans-serif, sans-serif;\">\u00a0<\/span><\/p>\n<p align=\"justify\"><span style=\"font-family: Verdana,Tahoma,Arial,Helvetica,Sans-serif;\">Auch die 2. Herren konnte einige Zug\u00e4nge vermelden. Heinz-J\u00fcrgen Reiter, Alois Bauerbach und Reinhard Splettst\u00f6\u00dfer meldeten sich zur\u00fcck, so da\u00df die Mannschaft als Favorit in die Saison startete. Etwas entt\u00e4uschend war der am Ende erreichte 5. Platz.<a href=\"https:\/\/ttcspringe.de\/wp-content\/uploads\/2013\/07\/HERREN2.gif\"><img loading=\"lazy\" decoding=\"async\" class=\"alignnone size-medium wp-image-58\" alt=\"HERREN2\" src=\"https:\/\/ttcspringe.de\/wp-content\/uploads\/2013\/07\/HERREN2-300x187.gif\" width=\"300\" height=\"187\" \/><\/a><\/span><\/p>\n<p align=\"justify\"><span style=\"font-family: Verdana,Tahoma,Arial,Helvetica,Sans-serif;\">von links: Wolfgang Pfeiffer, Ulrich Rudolph, Wolfgang Pirius, Alois Bauerbach, Reinhard Splettst\u00f6\u00dfer und Andy Munzel (Jugendersatzspieler), nicht im Bild Heinz-J\u00fcrgen Reiter <\/span><\/p>\n<p align=\"justify\"><span style=\"font-family: Verdana,Tahoma,Arial,Helvetica,Sans-serif;\">Bedingt durch die vielen Zug\u00e4nge und der Bereitschaft von Gerhard Jay als Mannschaftsf\u00fchrer zur Verf\u00fcgung zu stehen konnte eine 3. Herren gemeldet werden. Als neu gemeldete Mannschaft musste man in der 3. Kreisklasse beginnen, so dass die Meisterschaft fest eingeplant war. Dieses Ziel wurde auch ganz klar erreicht. ( Die Feiern nach den Siegen dauerten manchmal l\u00e4nger als die Spiele selbst).<\/span><\/p>\n<p align=\"justify\"><a href=\"https:\/\/ttcspringe.de\/wp-content\/uploads\/2013\/07\/3_HERREN.gif\"><img loading=\"lazy\" decoding=\"async\" class=\"alignnone size-medium wp-image-24\" alt=\"3_HERREN\" src=\"https:\/\/ttcspringe.de\/wp-content\/uploads\/2013\/07\/3_HERREN-300x243.gif\" width=\"300\" height=\"243\" \/><\/a><\/p>\n<p align=\"justify\"><span style=\"font-family: Verdana,Tahoma,Arial,Helvetica,Sans-serif;\">von links hinten: Erich Lepenies, Bernd Lepenies, Gerhard Jay, Gerhard Schr\u00f6der, Klaus Griebschvorne: Michael Kaulfu\u00df, Norbert Wodsack und K.-Heinz Blume nicht im Bild Michael Miksa und die JES Daniel Block und Steffen Wodsack<\/span><\/p>\n<p align=\"justify\"><span style=\"font-family: Verdana,Tahoma,Arial,Helvetica,Sans-serif;\"><a href=\"https:\/\/ttcspringe.de\/wp-content\/uploads\/2013\/07\/DAMEN97.gif\"><img loading=\"lazy\" decoding=\"async\" class=\"alignleft\" alt=\"DAMEN97\" src=\"https:\/\/ttcspringe.de\/wp-content\/uploads\/2013\/07\/DAMEN97-300x189.gif\" width=\"300\" height=\"189\" \/><\/a>Auch die Damen konnten einige Zug\u00e4nge vermelden und somit ebenfalls wieder am Spielbetrieb teilnehmen. Auch sie mussten in der untersten Klasse (Kreisklasse) beginnen, sie gewannen ebenfalls jedes Spiel und wurden unangefochten Meister in ihrer Klasse. Im Kreispokal verpassten sie nur knapp mit 6:4 das Finale <\/span><\/p>\n<p align=\"justify\"><span style=\"font-family: Verdana,Tahoma,Arial,Helvetica,Sans-serif;\">Von links: Jutta Block, Sabine Reitemeier, Karin Pavel und Christiane Retzlaff (sowie Melanie Kitsch und Anke Smollich)<\/span><\/p>\n<p align=\"justify\"><span style=\"font-family: Verdana,Tahoma,Arial,Helvetica,Sans-serif;\">Die 1. Jugend hatte es in der Saison 96\/97 wesentlich schwerer als Herrenmannschaften mussten sie doch auf ihre besten Spieler verzichten. Friedrich Blume spielte bei den Herren und Bernd Lepenies musste aus Altersgr\u00fcnden die Jugendklasse verlassen. Trotzdem zeigten sie in der h\u00f6chsten Jugendklasse ansprechende Leistungen auf die man in Zukunft bauen kann.<\/span><\/p>\n<p align=\"justify\"><span style=\"font-family: Verdana,Tahoma,Arial,Helvetica,Sans-serif;\"><a href=\"https:\/\/ttcspringe.de\/wp-content\/uploads\/2013\/07\/JUGEND971.gif\"><img loading=\"lazy\" decoding=\"async\" class=\"size-medium wp-image-56 alignleft\" alt=\"JUGEND97\" src=\"https:\/\/ttcspringe.de\/wp-content\/uploads\/2013\/07\/JUGEND971-300x174.gif\" width=\"300\" height=\"174\" \/><\/a>Von links: Steffen Wodsack, Daniel Block, Sebstian Hoppe und Andy Munzel<\/span><\/p>\n<p align=\"justify\"><span style=\"font-family: Verdana, Tahoma, Arial, Helvetica, Sans-serif, sans-serif;\">\u00a0<\/span><\/p>\n<p align=\"justify\"><span style=\"font-family: Verdana, Tahoma, Arial, Helvetica, Sans-serif, sans-serif;\">\u00a0<\/span><\/p>\n<p align=\"justify\"><span style=\"font-family: Verdana, Tahoma, Arial, Helvetica, Sans-serif, sans-serif;\">\u00a0<\/span><\/p>\n<p align=\"justify\"><span style=\"font-family: Verdana, Tahoma, Arial, Helvetica, Sans-serif, sans-serif;\">\u00a0<\/span><\/p>\n<p align=\"justify\"><span style=\"font-family: Verdana, Tahoma, Arial, Helvetica, Sans-serif, sans-serif;\">\u00a0<\/span><\/p>\n<p align=\"justify\"><span style=\"font-family: Verdana,Tahoma,Arial,Helvetica,Sans-serif;\">Neben der 1. Jugend nahmen noch eine Sch\u00fclermannschaft und erstmals nach langer Zeit auch eine Sch\u00fclerinnenmannschaft am Punktspielbetrieb teil.<\/span><\/p>\n<p><span style=\"font-family: Verdana, Tahoma, Arial, Helvetica, Sans-serif, sans-serif;\">\u00a0<\/span><\/p>\n","protected":false},"excerpt":{"rendered":"<p>Spieljahr 1988-93 Waren in den Jahren zuvor zum Saisonbeginn ein h\u00f6chstens zwei Abg\u00e4nge zu verzeichnen, dann muss der Punktspielstart 1988 als Katastrophe angesehen werden. Nicht weniger als sechs Spieler verlie\u00dfen den Verein bzw. pausierten. Allein die 1. Herren hatte vier Spieler zu ersetzen und wieder mussten die Spieler der 2. Herren, die vorher freiwillig ins [&hellip;]<\/p>\n","protected":false},"author":1,"featured_media":0,"parent":17,"menu_order":23,"comment_status":"closed","ping_status":"closed","template":"","meta":{"ngg_post_thumbnail":0,"footnotes":""},"class_list":["post-51","page","type-page","status-publish","hentry"],"_links":{"self":[{"href":"https:\/\/ttcspringe.de\/index.php?rest_route=\/wp\/v2\/pages\/51","targetHints":{"allow":["GET"]}}],"collection":[{"href":"https:\/\/ttcspringe.de\/index.php?rest_route=\/wp\/v2\/pages"}],"about":[{"href":"https:\/\/ttcspringe.de\/index.php?rest_route=\/wp\/v2\/types\/page"}],"author":[{"embeddable":true,"href":"https:\/\/ttcspringe.de\/index.php?rest_route=\/wp\/v2\/users\/1"}],"replies":[{"embeddable":true,"href":"https:\/\/ttcspringe.de\/index.php?rest_route=%2Fwp%2Fv2%2Fcomments&post=51"}],"version-history":[{"count":7,"href":"https:\/\/ttcspringe.de\/index.php?rest_route=\/wp\/v2\/pages\/51\/revisions"}],"predecessor-version":[{"id":100,"href":"https:\/\/ttcspringe.de\/index.php?rest_route=\/wp\/v2\/pages\/51\/revisions\/100"}],"up":[{"embeddable":true,"href":"https:\/\/ttcspringe.de\/index.php?rest_route=\/wp\/v2\/pages\/17"}],"wp:attachment":[{"href":"https:\/\/ttcspringe.de\/index.php?rest_route=%2Fwp%2Fv2%2Fmedia&parent=51"}],"curies":[{"name":"wp","href":"https:\/\/api.w.org\/{rel}","templated":true}]}}